{"id":11080,"date":"2018-08-16T10:15:04","date_gmt":"2018-08-16T15:15:04","guid":{"rendered":"https:\/\/bcca.com.pa\/?page_id=11080"},"modified":"2018-08-16T10:19:12","modified_gmt":"2018-08-16T15:19:12","slug":"portafolio-de-servicios","status":"publish","type":"page","link":"https:\/\/bcca.com.pa\/en\/portafolio-de-servicios\/","title":{"rendered":"Portafolio de servicios"},"content":{"rendered":"<p><b>Derecho Corporativo:<\/b><\/p>\n<p><span style=\"font-weight: 400;\">We have extensive experience in corporate transactions, we offer our clients a comprehensive service and expert legal advice in commercial transactions, purchase and sale of assets, entry and investment in new markets, formation of new companies, preparation <\/span><b>contracts <\/b><span style=\"font-weight: 400;\">regardless of its characteristics and level of complexity.<\/span><\/p>\n<p><span style=\"font-weight: 400;\">En la pr\u00e1ctica Corporativa asesoramos a nuestros clientes en todas las necesidades relacionadas a\u00a0 la constituci\u00f3n, manejo, administraci\u00f3n de sus sociedades, fundaciones de inter\u00e9s privado, agencias\/sucursales y asesor\u00eda en todos los detalles de la contrataci\u00f3n privada para el desarrollo de las operaciones comerciales de su empresa, incluyendo selecci\u00f3n de veh\u00edculos y herramientas de inversi\u00f3n, transferencias de acciones y cuotas, aumento y disminuci\u00f3n de capital, esquemas de distribuci\u00f3n, entre otros.<\/span><\/p>\n<p><b>Servicios en esta \u00e1rea:<\/b><\/p>\n<ul>\n<li style=\"list-style-type: none;\">\n<ul>\n<li style=\"font-weight: 400;\"><span style=\"font-weight: 400;\">Constituci\u00f3n de sociedades mercantiles y el dise\u00f1o de grupos de empresas, holdings, entre otros.<\/span><\/li>\n<\/ul>\n<\/li>\n<\/ul>\n<p>&nbsp;<\/p>\n<ul>\n<li><b><span style=\"font-weight: 400;\">Constituci\u00f3n de Fundaciones de inter\u00e9s privado y Fideicomisos. <\/span><\/b><\/li>\n<\/ul>\n<p>&nbsp;<\/p>\n<ul>\n<li style=\"font-weight: 400;\"><span style=\"font-weight: 400;\">Auditor\u00edas legales corporativas.<\/span><\/li>\n<li style=\"font-weight: 400;\"><span style=\"font-weight: 400;\">Fusiones y adquisiciones de empresas\/ Disoluci\u00f3n y liquidaci\u00f3n de sociedades<\/span><\/li>\n<li style=\"font-weight: 400;\"><span style=\"font-weight: 400;\">Estructuraci\u00f3n de alianzas estrat\u00e9gicas, <\/span><i><span style=\"font-weight: 400;\">joint ventures<\/span><\/i><span style=\"font-weight: 400;\">\u00a0y otros veh\u00edculos de asistencia y colaboraci\u00f3n corporativa.<\/span><\/li>\n<li style=\"font-weight: 400;\"><span style=\"font-weight: 400;\">Redacci\u00f3n y confecci\u00f3n de<\/span><b> contracts <\/b><span style=\"font-weight: 400;\">mercantiles nacionales e internacionales<\/span><\/li>\n<li style=\"font-weight: 400;\"><span style=\"font-weight: 400;\">Acuerdos de accionistas. \/\u00a0\u00a0\u00a0 Asistencia en el manejo de conflictos societarios.<\/span><\/li>\n<li style=\"font-weight: 400;\"><span style=\"font-weight: 400;\">Revisi\u00f3n integral de contratos para la identificaci\u00f3n de riesgos contractuales<\/span><\/li>\n<li style=\"font-weight: 400;\"><span style=\"font-weight: 400;\">Negociaci\u00f3n de contratos.<\/span><\/li>\n<li style=\"font-weight: 400;\"><span style=\"font-weight: 400;\">Formalizaci\u00f3n de contratos.<\/span><\/li>\n<li style=\"font-weight: 400;\"><span style=\"font-weight: 400;\">Dise\u00f1o de estructuras contractuales para adquisici\u00f3n de bienes y servicios.<\/span><\/li>\n<li style=\"font-weight: 400;\"><span style=\"font-weight: 400;\">Soluci\u00f3n de controversias<\/span><\/li>\n<li style=\"font-weight: 400;\"><span style=\"font-weight: 400;\">Formulaci\u00f3n de propuestas de modificaci\u00f3n al marco regulatorio.<\/span><\/li>\n<\/ul>\n<p><b>Financial and Banking Advice<\/b><\/p>\n<p><span style=\"font-weight: 400;\">Brindamos asesor\u00eda financiera a sociedades de inversi\u00f3n, atendiendo a las regulaciones financieras nacionales e internacionales, para lograr completar los procesos de la debida diligencia.<\/span><\/p>\n<p><b>Asesor\u00eda Fiscal &amp; Tributaria:<\/b><\/p>\n<p><span style=\"font-weight: 400;\">Administramos su relaci\u00f3n fiscal y tributaria con las entidades gubernamentales correspondientes.<\/span><\/p>\n<p><span style=\"font-weight: 400;\">Services<\/span><\/p>\n<ul>\n<li style=\"font-weight: 400;\"><span style=\"font-weight: 400;\">Asesor\u00eda y Planeaci\u00f3n Tributaria\/ Revisi\u00f3n del Cumplimiento de obligaciones fiscales<\/span><\/li>\n<li style=\"font-weight: 400;\"><span style=\"font-weight: 400;\">Planificaci\u00f3n y desarrollo de estrategias fiscales<\/span><\/li>\n<li style=\"font-weight: 400;\"><span style=\"font-weight: 400;\">Revisi\u00f3n estrat\u00e9gica de impuestos nacionales y municipales<\/span><\/li>\n<li style=\"font-weight: 400;\"><span style=\"font-weight: 400;\">Asesor\u00eda en actividades que requieran apoyo contable<\/span><\/li>\n<li style=\"font-weight: 400;\"><span style=\"font-weight: 400;\">Litigios tributarios<\/span><\/li>\n<li style=\"font-weight: 400;\"><span style=\"font-weight: 400;\">Acompa\u00f1amiento en la preparaci\u00f3n de respuestas a autoridades fiscales sobre requerimientos de informaci\u00f3n<\/span><\/li>\n<li style=\"font-weight: 400;\"><span style=\"font-weight: 400;\">Atenci\u00f3n de litigios en v\u00eda gubernativa y ante la jurisdicci\u00f3n contenciosa<\/span><\/li>\n<li style=\"font-weight: 400;\"><span style=\"font-weight: 400;\">Asesor\u00eda en interpretaci\u00f3n y aplicaci\u00f3n de normas, tratados y regulaciones de doble tributaci\u00f3n en transacciones relacionadas con fusiones, adquisiciones y reestructuraciones empresariales<\/span><\/li>\n<\/ul>\n<p><b>Propiedad Intelectual<\/b><\/p>\n<p><span style=\"font-weight: 400;\">Nuestro equipo, cuenta con una amplia experiencia en esta \u00e1rea de especializaci\u00f3n, ofrecemos a nuestros clientes un servicio integral para la protecci\u00f3n y defensa efectiva de la Propiedad Intelectual, espec\u00edficamente en temas relacionados con el registro de marca, imagen y signos distintivos, patentes de invenci\u00f3n, dise\u00f1os industriales, modelos de utilidad y\u00a0derechos de autor.<\/span><\/p>\n<p><span style=\"font-weight: 400;\">Servicios en esta \u00e1rea:<\/span><\/p>\n<ul>\n<li style=\"font-weight: 400;\"><span style=\"font-weight: 400;\">Marcas y otros signos distintivos<\/span><\/li>\n<li style=\"font-weight: 400;\"><span style=\"font-weight: 400;\">Patentes, modelos de utilidad y dise\u00f1os industriales<\/span><\/li>\n<li style=\"font-weight: 400;\"><span style=\"font-weight: 400;\">Derechos de autor y derechos conexos\u00a0\u00a0<\/span><\/li>\n<li style=\"font-weight: 400;\"><span style=\"font-weight: 400;\">Defensa de los Derechos de la Propiedad Intelectual<\/span><\/li>\n<li style=\"font-weight: 400;\"><span style=\"font-weight: 400;\">Competencia desleal<\/span><\/li>\n<\/ul>\n<p><b>Litigation and Dispute Resolution<\/b><\/p>\n<p><span style=\"font-weight: 400;\">Nos distinguimos por la calidez de nuestros servicios, nuestros valores corporativos, son representados en el profesionalismo y responsabilidad de nuestros abogados, evitamos largos procesos judiciales con pocos resultados pr\u00e1cticos para nuestros clientes, estructuramos las mejores estrategias legales, a fin de conciliar y alinear sus intereses con los de su contraparte en beneficio de su inter\u00e9s econ\u00f3mico.<\/span><\/p>\n<p><b>Services<\/b><\/p>\n<ul>\n<li style=\"font-weight: 400;\"><span style=\"font-weight: 400;\">Asesor\u00eda, acompa\u00f1amiento y representaci\u00f3n legal y tributaria en procesos civiles, comerciales y administrativos.<\/span><\/li>\n<li style=\"font-weight: 400;\"><span style=\"font-weight: 400;\">Representaci\u00f3n en litigios de car\u00e1cter civil y mercantil<\/span><\/li>\n<li style=\"font-weight: 400;\"><span style=\"font-weight: 400;\">Asesor\u00eda y representaci\u00f3n en controversias por incumplimiento e interpretaci\u00f3n de contratos.<\/span><\/li>\n<li style=\"font-weight: 400;\"><span style=\"font-weight: 400;\">Asesor\u00eda y representaci\u00f3n en procesos de Reclamaci\u00f3n por da\u00f1os y perjuicios<\/span><\/li>\n<li style=\"font-weight: 400;\"><span style=\"font-weight: 400;\">Controversias Societarias<\/span><\/li>\n<li style=\"font-weight: 400;\"><span style=\"font-weight: 400;\">Controversias Financieras en manejo y soluci\u00f3n de controversias mediante mecanismos alternativos de resoluci\u00f3n de conflictos, tales como conciliaci\u00f3n y mediaci\u00f3n entre otros<\/span><\/li>\n<li style=\"font-weight: 400;\"><span style=\"font-weight: 400;\">Asesor\u00eda y representaci\u00f3n en procesos arbitrales nacionales e internacionales.<\/span><\/li>\n<\/ul>","protected":false},"excerpt":{"rendered":"<p>Derecho Corporativo: Contamos con una amplia experiencia en transacciones corporativas, ofrecemos a nuestros clientes un servicio integral y una experta asesor\u00eda legal en transacciones mercantiles, compra y venta de activos, ingreso e inversi\u00f3n en nuevos mercados, formaci\u00f3n de nuevas empresas, confecci\u00f3n contratos independientemente de sus caracter\u00edsticas y nivel de complejidad. En la pr\u00e1ctica Corporativa asesoramos [&hellip;]<\/p>\n","protected":false},"author":1,"featured_media":0,"parent":0,"menu_order":0,"comment_status":"closed","ping_status":"closed","template":"","meta":{"nf_dc_page":"","_gspb_post_css":"","footnotes":""},"class_list":["post-11080","page","type-page","status-publish","hentry"],"aioseo_notices":[],"_links":{"self":[{"href":"https:\/\/bcca.com.pa\/en\/wp-json\/wp\/v2\/pages\/11080","targetHints":{"allow":["GET"]}}],"collection":[{"href":"https:\/\/bcca.com.pa\/en\/wp-json\/wp\/v2\/pages"}],"about":[{"href":"https:\/\/bcca.com.pa\/en\/wp-json\/wp\/v2\/types\/page"}],"author":[{"embeddable":true,"href":"https:\/\/bcca.com.pa\/en\/wp-json\/wp\/v2\/users\/1"}],"replies":[{"embeddable":true,"href":"https:\/\/bcca.com.pa\/en\/wp-json\/wp\/v2\/comments?post=11080"}],"version-history":[{"count":2,"href":"https:\/\/bcca.com.pa\/en\/wp-json\/wp\/v2\/pages\/11080\/revisions"}],"predecessor-version":[{"id":11083,"href":"https:\/\/bcca.com.pa\/en\/wp-json\/wp\/v2\/pages\/11080\/revisions\/11083"}],"wp:attachment":[{"href":"https:\/\/bcca.com.pa\/en\/wp-json\/wp\/v2\/media?parent=11080"}],"curies":[{"name":"wp","href":"https:\/\/api.w.org\/{rel}","templated":true}]}}