{"id":10972,"date":"2017-07-12T16:57:35","date_gmt":"2017-07-12T21:57:35","guid":{"rendered":"https:\/\/bcca.com.pa\/?page_id=10972"},"modified":"2017-07-12T16:57:35","modified_gmt":"2017-07-12T21:57:35","slug":"comercio-internacional","status":"publish","type":"page","link":"https:\/\/bcca.com.pa\/en\/comercio-internacional\/","title":{"rendered":"International Trade"},"content":{"rendered":"<p><a href=\"https:\/\/bcca.com.pa\/wp-content\/uploads\/2017\/07\/cintr.jpg\"><img loading=\"lazy\" decoding=\"async\" class=\"alignright size-full wp-image-10973\" src=\"https:\/\/bcca.com.pa\/wp-content\/uploads\/2017\/07\/cintr.jpg\" alt=\"\" width=\"800\" height=\"533\" \/><\/a>Panam\u00e1 a trav\u00e9s de su historia se ha caracterizado por ser un pa\u00eds dedicado al comercio, en especial al sector de los servicios. Esto se debe a su privilegiada posici\u00f3n geogr\u00e1fica.<br \/>\nPanam\u00e1 posee una tecnol\u00f3gica y innovadora plataforma log\u00edstica, que cuenta con las siguientes ventajas:<\/p>\n<ul>\n<li>Canal de Panam\u00e1, sirviendo a 144 rutas mar\u00edtimas. Este se encuentra en expansi\u00f3n, para recibir a embarcaciones de tipo Postpanamax.<\/li>\n<li>Puertos de Contenedores: Modernos e eficientes puertos ubicados estrat\u00e9gicamente en el Pacifico y el Caribe.<\/li>\n<li>Aeropuertos Internacionales: \u00e9ste aeropuerto ofrece m\u00e1s de 46 destinos a 25 pa\u00edses de Am\u00e9rica, facilitando las conexiones a cualquier lugar del Mundo<\/li>\n<li>Centro Bancario y Financiero Internacional: con la presencia de m\u00e1s de 96 bancos reconocidos internacionalmente.<\/li>\n<li>Zonas Libres de Impuestos: Panam\u00e1 posee con varias zonas francas, estas tiene reg\u00edmenes fiscales y migratorios especiales que permiten el desarrollo de relaciones comerciales, entre las cuales est\u00e1n:\n<ul>\n<li>Zona libre de Colon<\/li>\n<li>Ciudad del Saber<\/li>\n<li>Panam\u00e1 Pacifico<\/li>\n<\/ul>\n<\/li>\n<\/ul>\n<p>Preocupados por fortalecer nuestras relaciones comerciales internacionales, nuestro pa\u00eds es suscriptor de distintos acuerdos para la promoci\u00f3n comercial con pa\u00edses como:<\/p>\n<ul>\n<li>Acuerdo Comercial Panam\u00e1 &#8211; Colombia<\/li>\n<li>Acuerdo Comercial Panam\u00e1 &#8211; Cuba<\/li>\n<li>Acuerdo Comercial Panam\u00e1 &#8211; M\u00e9xico<\/li>\n<li>Acuerdo Sobre Cooperaci\u00f3n Econ\u00f3mica y Comercial Panam\u00e1 &#8211; Israel<\/li>\n<li>TLC Panam\u00e1 &#8211; Costa Rica<\/li>\n<li>TLC Panam\u00e1 &#8211; Chile<\/li>\n<li>TLC Panam\u00e1 &#8211; China (Taiwan)<\/li>\n<li>TLC Panam\u00e1 &#8211; El Salvador<\/li>\n<li>TLC Panam\u00e1 &#8211; Guatemala<\/li>\n<li>TLC Panam\u00e1 &#8211; Honduras<\/li>\n<li>TLC Panam\u00e1 &#8211; Nicaragua<\/li>\n<li>TLC Panam\u00e1 \u2013 Singapur<\/li>\n<li>TPC Panam\u00e1 \u2013 Estados Unidos<\/li>\n<li>Tratado Comercial Panam\u00e1 &#8211; Rep\u00fablica Dominicana<\/li>\n<\/ul>\n<h5>PREGUNTAS FRECUENTES<\/h5>\n<p><strong>Que se entiende por importaci\u00f3n?<\/strong><br \/>\nSe trata introducir legalmente mercanc\u00eda extranjera al territorio aduanero de la Rep\u00fablica<br \/>\nRequisitos b\u00e1sicos para obtener una Licencia de Importaci\u00f3n en Panam\u00e1?<br \/>\na) La factura comercial original; b) El conocimiento de embarque c) El permiso de importaci\u00f3n restringida<\/p>\n<p><strong>Que es exportaci\u00f3n?<\/strong><br \/>\nR\u00e9gimen aduanero aplicable a las mercanc\u00edas que van ha permanecer fuera del territorio, exoneradas de impuestos, salvo casos establecidos en la ley.<\/p>\n<p><strong>Requisitos b\u00e1sicos para obtener una licencia de exportaci\u00f3n en Panam\u00e1?<\/strong><br \/>\nDeclaraci\u00f3n de Exportaci\u00f3n<br \/>\nFactura Comercial<br \/>\nCertificado de Origen:<br \/>\nPermiso de exportaci\u00f3n para productos vegetales y derivados:<br \/>\nCertificado Fitosanitario:<br \/>\nCertificado Zoosanitario<\/p>\n<p><strong>Que es un arancel?<\/strong><br \/>\nUn arancel es el impuesto que se aplica a los bienes, que son objeto de importaci\u00f3n o exportaci\u00f3n<\/p>\n<p><strong>Que se entiende por Certificado de Origen<\/strong><br \/>\nDocumento que debe acompa\u00f1ar a los bienes importados para dar fe de su procedencia y permitir que se apliquen los aranceles correspondientes<\/p>","protected":false},"excerpt":{"rendered":"<p>Panam\u00e1 a trav\u00e9s de su historia se ha caracterizado por ser un pa\u00eds dedicado al comercio, en especial al sector de los servicios. Esto se debe a su privilegiada posici\u00f3n geogr\u00e1fica. Panam\u00e1 posee una tecnol\u00f3gica y innovadora plataforma log\u00edstica, que cuenta con las siguientes ventajas: Canal de Panam\u00e1, sirviendo a 144 rutas mar\u00edtimas. Este se [&hellip;]<\/p>\n","protected":false},"author":1,"featured_media":0,"parent":0,"menu_order":0,"comment_status":"closed","ping_status":"closed","template":"","meta":{"nf_dc_page":"","_gspb_post_css":"","footnotes":""},"class_list":["post-10972","page","type-page","status-publish","hentry"],"aioseo_notices":[],"_links":{"self":[{"href":"https:\/\/bcca.com.pa\/en\/wp-json\/wp\/v2\/pages\/10972","targetHints":{"allow":["GET"]}}],"collection":[{"href":"https:\/\/bcca.com.pa\/en\/wp-json\/wp\/v2\/pages"}],"about":[{"href":"https:\/\/bcca.com.pa\/en\/wp-json\/wp\/v2\/types\/page"}],"author":[{"embeddable":true,"href":"https:\/\/bcca.com.pa\/en\/wp-json\/wp\/v2\/users\/1"}],"replies":[{"embeddable":true,"href":"https:\/\/bcca.com.pa\/en\/wp-json\/wp\/v2\/comments?post=10972"}],"version-history":[{"count":1,"href":"https:\/\/bcca.com.pa\/en\/wp-json\/wp\/v2\/pages\/10972\/revisions"}],"predecessor-version":[{"id":10974,"href":"https:\/\/bcca.com.pa\/en\/wp-json\/wp\/v2\/pages\/10972\/revisions\/10974"}],"wp:attachment":[{"href":"https:\/\/bcca.com.pa\/en\/wp-json\/wp\/v2\/media?parent=10972"}],"curies":[{"name":"wp","href":"https:\/\/api.w.org\/{rel}","templated":true}]}}