{"id":10969,"date":"2017-07-12T16:49:39","date_gmt":"2017-07-12T21:49:39","guid":{"rendered":"https:\/\/bcca.com.pa\/?page_id=10969"},"modified":"2017-07-12T16:49:39","modified_gmt":"2017-07-12T21:49:39","slug":"derecho-fiscal-y-tributario","status":"publish","type":"page","link":"https:\/\/bcca.com.pa\/en\/derecho-fiscal-y-tributario\/","title":{"rendered":"Fiscal and Tax Law"},"content":{"rendered":"<p><a href=\"https:\/\/bcca.com.pa\/wp-content\/uploads\/2017\/07\/afiscal.jpg\"><img loading=\"lazy\" decoding=\"async\" class=\"alignright size-full wp-image-10970\" src=\"https:\/\/bcca.com.pa\/wp-content\/uploads\/2017\/07\/afiscal.jpg\" alt=\"\" width=\"800\" height=\"534\" \/><\/a>El \u00e1rea de Asesor\u00eda Fiscal y Legal, est\u00e1 formada por un equipo de especialistas en materia tributaria, destinados a proveer asesor\u00eda a clientes de primer orden en materia tributaria.<\/p>\n<h4>Nuestros Servicios:<\/h4>\n<ul>\n<li>Planificaciones y desarrollo de Estrategias Fiscales.<\/li>\n<li>Defensa al contribuyente (fase administrativa).<\/li>\n<li>Revisiones de cumplimiento de obligaciones fiscales peri\u00f3dicas.<\/li>\n<li>Asesor\u00eda fiscal para obligaciones fiscales a Extranjeros Residentes.<\/li>\n<li>Asesor\u00eda en esquemas de comercio internacional (zonas francas, etc.).<\/li>\n<li>Auditor\u00edas fiscales para determinar la existencia de contingencias.<\/li>\n<li>Resoluci\u00f3n de consultas sobre temas fiscales, tributarios y legales de orientaci\u00f3n tributaria.<\/li>\n<li>Retainers mensuales de asesor\u00eda fiscal y verificaci\u00f3n de declaraciones impositivas.<\/li>\n<li>Revisi\u00f3n de declaraciones de impositivas previo a su presentaci\u00f3n al fisco<\/li>\n<\/ul>","protected":false},"excerpt":{"rendered":"<p>El \u00e1rea de Asesor\u00eda Fiscal y Legal, est\u00e1 formada por un equipo de especialistas en materia tributaria, destinados a proveer asesor\u00eda a clientes de primer orden en materia tributaria. Nuestros Servicios: Planificaciones y desarrollo de Estrategias Fiscales. Defensa al contribuyente (fase administrativa). Revisiones de cumplimiento de obligaciones fiscales peri\u00f3dicas. Asesor\u00eda fiscal para obligaciones fiscales a [&hellip;]<\/p>\n","protected":false},"author":1,"featured_media":0,"parent":0,"menu_order":0,"comment_status":"closed","ping_status":"closed","template":"","meta":{"nf_dc_page":"","_gspb_post_css":"","footnotes":""},"class_list":["post-10969","page","type-page","status-publish","hentry"],"aioseo_notices":[],"_links":{"self":[{"href":"https:\/\/bcca.com.pa\/en\/wp-json\/wp\/v2\/pages\/10969","targetHints":{"allow":["GET"]}}],"collection":[{"href":"https:\/\/bcca.com.pa\/en\/wp-json\/wp\/v2\/pages"}],"about":[{"href":"https:\/\/bcca.com.pa\/en\/wp-json\/wp\/v2\/types\/page"}],"author":[{"embeddable":true,"href":"https:\/\/bcca.com.pa\/en\/wp-json\/wp\/v2\/users\/1"}],"replies":[{"embeddable":true,"href":"https:\/\/bcca.com.pa\/en\/wp-json\/wp\/v2\/comments?post=10969"}],"version-history":[{"count":1,"href":"https:\/\/bcca.com.pa\/en\/wp-json\/wp\/v2\/pages\/10969\/revisions"}],"predecessor-version":[{"id":10971,"href":"https:\/\/bcca.com.pa\/en\/wp-json\/wp\/v2\/pages\/10969\/revisions\/10971"}],"wp:attachment":[{"href":"https:\/\/bcca.com.pa\/en\/wp-json\/wp\/v2\/media?parent=10969"}],"curies":[{"name":"wp","href":"https:\/\/api.w.org\/{rel}","templated":true}]}}