{"id":10966,"date":"2017-07-12T16:33:30","date_gmt":"2017-07-12T21:33:30","guid":{"rendered":"https:\/\/bcca.com.pa\/?page_id=10966"},"modified":"2017-08-18T17:38:20","modified_gmt":"2017-08-18T22:38:20","slug":"panama","status":"publish","type":"page","link":"https:\/\/bcca.com.pa\/en\/panama\/","title":{"rendered":"Sociedades An\u00f3nimas"},"content":{"rendered":"<div class=\"wpb-content-wrapper\">\n<div class=\"vc_row wpb_row vc_row-fluid tm-row-textcolor-default tm-row-bgtype-default tm-custom-77046\">\n\t<div class=\"tm-bg-overlay\"><\/div><!-- ThemeMount custom DIV added -->\n\t\n\n\n<div class=\"wpb_column vc_column_container tm-col-textcolor-default tm-col-bgcolor-default vc_col-sm-12\">\n\t<div class=\"vc_column-inner\">\n\t\t<div class=\"wpb_wrapper\">\n\t\t\t\n\t<div class=\"wpb_text_column wpb_content_element\" >\n\t\t<div class=\"wpb_wrapper\">\n\t\t\t<p>&nbsp;<\/p>\n<p><a href=\"https:\/\/bcca.com.pa\/wp-content\/uploads\/2014\/07\/sa.jpg\"><img loading=\"lazy\" decoding=\"async\" class=\"alignleft size-medium wp-image-10963\" src=\"https:\/\/bcca.com.pa\/wp-content\/uploads\/2014\/07\/sa-300x200.jpg\" alt=\"\" width=\"300\" height=\"200\" \/><\/a>It is very common for natural persons to choose to create structures <i>offshore<\/i>. The corporations <i>offshore<\/i> They are ideal for reducing taxes, and they are also a fundamental part of a strategy for asset protection or simply for conducting business in a more efficient way.<\/p>\n<p>Existen varios pa\u00edses que cuentan con condiciones legales, para incorporar sociedades que se ajusten a su necesidad.<\/p>\n<p>Puede considerarse una de las jurisdicciones Offshore, mejor establecidas, seguras y flexibles. Regulada desde 1927, bajo la Ley 32, que regula la formaci\u00f3n de Sociedades An\u00f3nimas.<br \/>\nExentas de realizar retenciones y pagar impuestos, siempre que las operaciones tengan sus efectos fuera del territorio de Panam\u00e1.<\/p>\n<h4>Actividades Permitidas<\/h4>\n<ul>\n<li>Realizar cualquier tipo de actividad comercial, fuera del territorio nacional.<\/li>\n<li>Comprar-vender, alquilar, hipotecar bienes.<\/li>\n<li>Adquirir pr\u00e9stamos y obligaciones<\/li>\n<li>Emitir y negociar documentos tales como bonos, pagares, acciones, entre otros.<\/li>\n<li>Abrir cuentas bancarias en bancos locales e internacionales<\/li>\n<li>Preservar el anonimato o privacidad, formando parte de la estructura sociedades o bien participando como fundadora de una Fundaci\u00f3n de Inter\u00e9s Privado<\/li>\n<\/ul>\n<h4>Negocios para los que necesitara una autorizaci\u00f3n especial del Estado:<\/h4>\n<p>Las Compa\u00f1\u00edas Internacionales de Negocios en Panam\u00e1, necesitaran una licencia especial, emitida por el gobierno de este pa\u00eds, para realizar el negocio de BIENES y RAICES, BANCA, SEGUROS Y REASEGUROS, ADMISTRACION DE FONDOS MUTUOS Y FIDEICOMISOS.<br \/>\nLas Sociedades An\u00f3nimas paname\u00f1as, en comparaci\u00f3n con otras entidades de otras jurisdicciones, resultan m\u00e1s competitivas, rentables y econ\u00f3micas debido a ciertas caracter\u00edsticas:<\/p>\n<ol>\n<li>La moneda de uso regular en el pa\u00eds es el d\u00f3lar americano\u00a0desde 1904.<img loading=\"lazy\" decoding=\"async\" class=\"wp-image-10965 alignright\" src=\"https:\/\/bcca.com.pa\/wp-content\/uploads\/2014\/07\/panama.jpg\" alt=\"\" width=\"450\" height=\"309\" \/><\/li>\n<li>El capital inicial para constituir la Sociedad no debe pagado o consignado.<\/li>\n<li>La pol\u00edtica de impuestos paname\u00f1a se basa en el principio de territorialidad, lo cual significa que aquellos ingresos que provienen de actividades realizadas fuera de la jurisdicci\u00f3n de Panam\u00e1, no generan impuesto sobre la renta. realizadas fuera del territorio nacional, no generan impuestos.<\/li>\n<li>Panam\u00e1 no exige, ni requiere el registro de los integrantes de la Sociedad An\u00f3nima en ninguna oficina del Estado.<\/li>\n<li>R\u00e1pida constituci\u00f3n, 5 d\u00edas h\u00e1biles m\u00e1ximo, cuyos costos son accesibles.<\/li>\n<\/ol>\n<p>&nbsp;<\/p>\n<p>&nbsp;<\/p>\n<p>&nbsp;<\/p>\n\n\t\t<\/div>\n\t<\/div>\n<div class=\"vc_btn3-container vc_btn3-center vc_do_btn\" ><a class=\"vc_general vc_btn3 vc_btn3-size-lg vc_btn3-shape-rounded vc_btn3-style-modern vc_btn3-block vc_btn3-icon-left vc_btn3-color-skincolor\" href=\"\/Formulario_de_Incorporacion.doc\" title=\"\"><i class=\"vc_btn3-icon fa fa-file-o\"><\/i> Incorporation Form<\/a><\/div>\t\t<\/div>\n\t<\/div>\n<\/div>\n\n\n\n\n<\/div>\n\n\n\n\n\n\n<!-- ThemeMount custom CSS - Start -->\n\n\n\n<!-- Patch: This is to remove the closing <\/p> tag which appear dynamically -->\n<div class=\"tm-last-div-in-row\"><\/div>\n\n<\/div>","protected":false},"excerpt":{"rendered":"&nbsp; Es muy com\u00fan que personas naturales elijan crear estructuras offshore. Las corporaciones offshore son ideales para disminuir impuestos, adem\u00e1s son parte fundamental en una estrategia para la protecci\u00f3n de activos o simplemente para realizar negocios de una forma m\u00e1s eficiente. Existen varios pa\u00edses que cuentan con condiciones legales, para incorporar sociedades que se ajusten [...]","protected":false},"author":1,"featured_media":0,"parent":0,"menu_order":0,"comment_status":"closed","ping_status":"closed","template":"","meta":{"nf_dc_page":"","_gspb_post_css":"","footnotes":""},"class_list":["post-10966","page","type-page","status-publish","hentry"],"aioseo_notices":[],"_links":{"self":[{"href":"https:\/\/bcca.com.pa\/en\/wp-json\/wp\/v2\/pages\/10966","targetHints":{"allow":["GET"]}}],"collection":[{"href":"https:\/\/bcca.com.pa\/en\/wp-json\/wp\/v2\/pages"}],"about":[{"href":"https:\/\/bcca.com.pa\/en\/wp-json\/wp\/v2\/types\/page"}],"author":[{"embeddable":true,"href":"https:\/\/bcca.com.pa\/en\/wp-json\/wp\/v2\/users\/1"}],"replies":[{"embeddable":true,"href":"https:\/\/bcca.com.pa\/en\/wp-json\/wp\/v2\/comments?post=10966"}],"version-history":[{"count":3,"href":"https:\/\/bcca.com.pa\/en\/wp-json\/wp\/v2\/pages\/10966\/revisions"}],"predecessor-version":[{"id":11030,"href":"https:\/\/bcca.com.pa\/en\/wp-json\/wp\/v2\/pages\/10966\/revisions\/11030"}],"wp:attachment":[{"href":"https:\/\/bcca.com.pa\/en\/wp-json\/wp\/v2\/media?parent=10966"}],"curies":[{"name":"wp","href":"https:\/\/api.w.org\/{rel}","templated":true}]}}