{"id":10959,"date":"2017-07-12T16:07:42","date_gmt":"2017-07-12T21:07:42","guid":{"rendered":"https:\/\/bcca.com.pa\/?page_id=10959"},"modified":"2017-08-18T17:34:16","modified_gmt":"2017-08-18T22:34:16","slug":"fundaciones-de-interes-privado","status":"publish","type":"page","link":"https:\/\/bcca.com.pa\/en\/fundaciones-de-interes-privado\/","title":{"rendered":"Fundaciones de Inter\u00e9s Privado"},"content":{"rendered":"<div class=\"wpb-content-wrapper\">\n<div class=\"vc_row wpb_row vc_row-fluid tm-row-textcolor-default tm-row-bgtype-default tm-custom-55508\">\n\t<div class=\"tm-bg-overlay\"><\/div><!-- ThemeMount custom DIV added -->\n\t\n\n\n<div class=\"wpb_column vc_column_container tm-col-textcolor-default tm-col-bgcolor-default vc_col-sm-12\">\n\t<div class=\"vc_column-inner\">\n\t\t<div class=\"wpb_wrapper\">\n\t\t\t\n\t<div class=\"wpb_text_column wpb_content_element\" >\n\t\t<div class=\"wpb_wrapper\">\n\t\t\t<p><a href=\"https:\/\/bcca.com.pa\/wp-content\/uploads\/2014\/07\/fip.jpg\"><img loading=\"lazy\" decoding=\"async\" class=\"alignleft size-full wp-image-10957\" src=\"https:\/\/bcca.com.pa\/wp-content\/uploads\/2014\/07\/fip.jpg\" alt=\"\" width=\"800\" height=\"533\" \/><\/a>Private Interest Foundations are currently one of the most efficient legal structures for the protection and management of assets. It allows its management and disposal through private regulations, in which one or more present or future beneficiaries may be designated.<\/p>\n<p>It is an entity created with the purpose of making administration tasks easier, safer and more effective.<\/p>\n<h4>Ventajas<\/h4>\n<p>Aquellas obligaciones contra\u00eddas por el Fundador se consideran de car\u00e1cter personal, en consecuencia son independientes, por lo que no afectaran los recursos y bienes que la fundaci\u00f3n posea.<br \/>\nLas obligaciones contra\u00eddas por el Fundador a titulo personal, no afectaran los bienes de la Fundaci\u00f3n, dej\u00e1ndolos seguros de futuros secuestros y embargos.<br \/>\nTranscurridos tres a\u00f1os, de encontrarse los bienes dentro del patrimonio de la fundaci\u00f3n, no podr\u00e1n ser embargados.<br \/>\nPuede custodiar todo tipo de bienes nacionales y extranjeros siempre que las leyes del pa\u00eds de estos no contengan ninguna prohibici\u00f3n.<\/p>\n<h4>Utilidades<\/h4>\n<p>Crear un testamento. Nos permite, antes de morir destinar quienes ser\u00e1n los herederos de nuestros bienes (beneficiarios de la Fundaci\u00f3n).<br \/>\nAdministrar, aun despu\u00e9s de muerto su testamento. Mediante instrucciones escritas bien detalladas (Acta Fundacional y Reglamentos), podr\u00e1 controlar todas las posibles variantes de su inter\u00e9s.<br \/>\nMantener el Anonimato. No es necesario, inscribir a ninguno de los miembros de las Fundaciones en oficinas del gobierno, adem\u00e1s tanto el Fundador, como los Beneficiarios podr\u00e1n ser corporaciones, Sociedades An\u00f3nimas. De la misma manera, la Fundaci\u00f3n a su vez podr\u00e1 adquirir cargos dentro de corporaciones tanto nacionales como internacionales.<\/p>\n\n\t\t<\/div>\n\t<\/div>\n<div class=\"vc_btn3-container vc_btn3-center vc_do_btn\" ><a class=\"vc_general vc_btn3 vc_btn3-size-lg vc_btn3-shape-rounded vc_btn3-style-modern vc_btn3-block vc_btn3-icon-left vc_btn3-color-skincolor\" href=\"\/Formulario_de_Incorporacion.doc\" title=\"\"><i class=\"vc_btn3-icon fa fa-file-o\"><\/i> Incorporation Form<\/a><\/div>\t\t<\/div>\n\t<\/div>\n<\/div>\n\n\n\n\n<\/div>\n\n\n\n\n\n\n<!-- ThemeMount custom CSS - Start -->\n\n\n\n<!-- Patch: This is to remove the closing <\/p> tag which appear dynamically -->\n<div class=\"tm-last-div-in-row\"><\/div>\n\n<\/div>","protected":false},"excerpt":{"rendered":"Las Fundaciones de Inter\u00e9s Privado son en la actualidad una de las estructuras Jur\u00eddica mas eficientes para la protecci\u00f3n y manejos de activos. Permite su manejo y disposici\u00f3n a trav\u00e9s de un reglamento privado, en el cual podr\u00e1 designar uno o m\u00e1s beneficiarios presentes o futuros. Es una entidad creada con el prop\u00f3sito, de hacer [...]","protected":false},"author":1,"featured_media":0,"parent":0,"menu_order":0,"comment_status":"closed","ping_status":"closed","template":"","meta":{"nf_dc_page":"","_gspb_post_css":"","footnotes":""},"class_list":["post-10959","page","type-page","status-publish","hentry"],"aioseo_notices":[],"_links":{"self":[{"href":"https:\/\/bcca.com.pa\/en\/wp-json\/wp\/v2\/pages\/10959","targetHints":{"allow":["GET"]}}],"collection":[{"href":"https:\/\/bcca.com.pa\/en\/wp-json\/wp\/v2\/pages"}],"about":[{"href":"https:\/\/bcca.com.pa\/en\/wp-json\/wp\/v2\/types\/page"}],"author":[{"embeddable":true,"href":"https:\/\/bcca.com.pa\/en\/wp-json\/wp\/v2\/users\/1"}],"replies":[{"embeddable":true,"href":"https:\/\/bcca.com.pa\/en\/wp-json\/wp\/v2\/comments?post=10959"}],"version-history":[{"count":3,"href":"https:\/\/bcca.com.pa\/en\/wp-json\/wp\/v2\/pages\/10959\/revisions"}],"predecessor-version":[{"id":11029,"href":"https:\/\/bcca.com.pa\/en\/wp-json\/wp\/v2\/pages\/10959\/revisions\/11029"}],"wp:attachment":[{"href":"https:\/\/bcca.com.pa\/en\/wp-json\/wp\/v2\/media?parent=10959"}],"curies":[{"name":"wp","href":"https:\/\/api.w.org\/{rel}","templated":true}]}}