{"id":10929,"date":"2017-06-24T09:22:20","date_gmt":"2017-06-24T14:22:20","guid":{"rendered":"https:\/\/bcca.com.pa\/?page_id=10929"},"modified":"2017-06-24T09:22:20","modified_gmt":"2017-06-24T14:22:20","slug":"derecho","status":"publish","type":"page","link":"https:\/\/bcca.com.pa\/en\/derecho\/","title":{"rendered":"Derecho"},"content":{"rendered":"<p><strong><img loading=\"lazy\" decoding=\"async\" class=\"alignleft size-medium wp-image-10900\" src=\"https:\/\/bcca.com.pa\/wp-content\/uploads\/2014\/07\/as-300x200.jpg\" alt=\"\" width=\"300\" height=\"200\" \/>Derecho Corporativo:<\/strong><\/p>\n<p>We have extensive experience in corporate transactions, we offer our clients a comprehensive service and expert legal advice in commercial transactions, purchase and sale of assets, entry and investment in new markets, formation of new companies, preparation <strong>contracts <\/strong>regardless of its characteristics and level of complexity.<\/p>\n<p>In Corporate practice we advise our clients on all needs related to the constitution, management, administration of their companies, private interest foundations, agencies\/branches and advice on all the details of private contracting for the development of the commercial operations of your company, including selection of investment vehicles and tools, transfers of shares and quotas, increase and decrease of capital, distribution schemes, among others.<\/p>\n<h4><em><strong>Servicios en esta \u00e1rea:<\/strong><\/em><\/h4>\n<ul>\n<li>Constituci\u00f3n de sociedades mercantiles y el dise\u00f1o de grupos de empresas, holdings, entre otros.<strong> Haga Click (formulario)<\/strong><\/li>\n<li>Constituci\u00f3n de Fundaciones de inter\u00e9s privado y Fideicomisos. <strong>Haga Click (formulario)<\/strong><\/li>\n<li>Auditor\u00edas legales corporativas.<\/li>\n<li>Fusiones y adquisiciones de empresas\/ Disoluci\u00f3n y liquidaci\u00f3n de sociedades<\/li>\n<li>Estructuraci\u00f3n de alianzas estrat\u00e9gicas, <em>joint ventures<\/em> y otros veh\u00edculos de asistencia y colaboraci\u00f3n corporativa.<\/li>\n<li>Redacci\u00f3n y confecci\u00f3n de<strong> contracts <\/strong>mercantiles nacionales e internacionales<\/li>\n<li>Acuerdos de accionistas. \/\u00a0\u00a0\u00a0 Asistencia en el manejo de conflictos societarios.<\/li>\n<li>Revisi\u00f3n integral de contratos para la identificaci\u00f3n de riesgos contractuales<\/li>\n<li>Negociaci\u00f3n de contratos.<\/li>\n<li>Formalizaci\u00f3n de contratos.<\/li>\n<li>Dise\u00f1o de estructuras contractuales para adquisici\u00f3n de bienes y servicios.<\/li>\n<li>Soluci\u00f3n de controversias<\/li>\n<\/ul>\n<p>Formulaci\u00f3n de propuestas de modificaci\u00f3n al marco regulatorio.<\/p>\n<h3><strong>Financial and Banking Advice<\/strong><\/h3>\n<p>Brindamos asesor\u00eda financiera a sociedades de inversi\u00f3n, atendiendo a las regulaciones financieras nacionales e internacionales, para lograr completar los procesos de debida diligencia.<\/p>\n<h3><strong>Asesor\u00eda Fiscal &amp; Tributaria:<\/strong><\/h3>\n<p>Administramos su relaci\u00f3n fiscal y tributaria con las entidades gubernamentales correspondientes.<\/p>\n<p><em>Services<\/em><\/p>\n<ul>\n<li>Asesor\u00eda y Planeaci\u00f3n Tributaria\/ Revisi\u00f3n del Cumplimiento de obligaciones fiscales<\/li>\n<li>Planificaci\u00f3n y desarrollo de estrategias fiscales<\/li>\n<li>Revisi\u00f3n estrat\u00e9gica de impuestos nacionales y municipales<\/li>\n<li>Asesor\u00eda en actividades que requieran apoyo contable<\/li>\n<li>Litigios tributarios<\/li>\n<li>Acompa\u00f1amiento en la preparaci\u00f3n de respuestas a autoridades fiscales sobre requerimientos de informaci\u00f3n<\/li>\n<li>Atenci\u00f3n de litigios en v\u00eda gubernativa y ante la jurisdicci\u00f3n contenciosa<\/li>\n<li>Asesor\u00eda en interpretaci\u00f3n y aplicaci\u00f3n de normas, tratados y regulaciones de doble tributaci\u00f3n en transacciones relacionadas con fusiones, adquisiciones y reestructuraciones empresariales<\/li>\n<\/ul>\n<h3><strong>Propiedad Intelectual<\/strong><\/h3>\n<p>Nuestro equipo,\u00a0 cuenta con una amplia experiencia en esta \u00e1rea de especializaci\u00f3n,\u00a0 ofrecemos a nuestros clientes un servicio integral para la protecci\u00f3n y defensa efectiva de la Propiedad Intelectual, espec\u00edficamente en temas relacionados con el registro de marca, imagen y signos distintivos, patentes de invenci\u00f3n, dise\u00f1os industriales, modelos de utilidad y\u00a0 derechos de autor.<\/p>\n<h4><em>Servicios en esta \u00e1rea:<\/em><\/h4>\n<ul>\n<li>Marcas y otros signos distintivos<\/li>\n<li>Patentes, modelos de utilidad y dise\u00f1os industriales<\/li>\n<li>Derechos de autor y derechos conexos<\/li>\n<li>Defensa de los Derechos de la Propiedad Intelectual<\/li>\n<li>Competencia desleal<\/li>\n<\/ul>\n<h3><strong>Litigation and Dispute Resolution<\/strong><\/h3>\n<p>Nos distinguimos por la calidez de nuestros servicios, nuestros valores corporativos, son representados en el profesionalismo y responsabilidad de nuestros abogados, evitamos largos procesos judiciales con pocos resultados pr\u00e1cticos para nuestros clientes, estructuramos las mejores estrategias legales, a fin de conciliar y alinear sus intereses con los de su contraparte en beneficio de su inter\u00e9s econ\u00f3mico.<\/p>\n<p><em>Services<\/em><\/p>\n<ul>\n<li>Asesor\u00eda, acompa\u00f1amiento y representaci\u00f3n legal y tributaria en procesos civiles, comerciales y administrativos.<\/li>\n<li>Representaci\u00f3n en litigios de car\u00e1cter civil y mercantil<\/li>\n<li>Asesor\u00eda y representaci\u00f3n en controversias por incumplimiento e interpretaci\u00f3n de contratos.<\/li>\n<li>Asesor\u00eda y representaci\u00f3n en procesos de Reclamaci\u00f3n por Da\u00f1os y Perjuicios<\/li>\n<li>Controversias Societarias<\/li>\n<li>Controversias Financieras en manejo y soluci\u00f3n de controversias mediante mecanismos alternativos de resoluci\u00f3n de conflictos, tales como conciliaci\u00f3n y mediaci\u00f3n entre otros<\/li>\n<\/ul>\n<p>Asesor\u00eda y representaci\u00f3n en procesos arbitrales nacionales e internacionales.<\/p>","protected":false},"excerpt":{"rendered":"<p>Derecho Corporativo: Contamos con una amplia experiencia en transacciones corporativas, ofrecemos a nuestros clientes un servicio integral y una experta asesor\u00eda legal en transacciones mercantiles, compra y venta de activos, ingreso e inversi\u00f3n en nuevos mercados, formaci\u00f3n de nuevas empresas, confecci\u00f3n contratos independientemente de sus caracter\u00edsticas y nivel de complejidad. En la pr\u00e1ctica Corporativa asesoramos [&hellip;]<\/p>\n","protected":false},"author":1,"featured_media":0,"parent":0,"menu_order":0,"comment_status":"closed","ping_status":"closed","template":"","meta":{"nf_dc_page":"","_gspb_post_css":"","footnotes":""},"class_list":["post-10929","page","type-page","status-publish","hentry"],"aioseo_notices":[],"_links":{"self":[{"href":"https:\/\/bcca.com.pa\/en\/wp-json\/wp\/v2\/pages\/10929","targetHints":{"allow":["GET"]}}],"collection":[{"href":"https:\/\/bcca.com.pa\/en\/wp-json\/wp\/v2\/pages"}],"about":[{"href":"https:\/\/bcca.com.pa\/en\/wp-json\/wp\/v2\/types\/page"}],"author":[{"embeddable":true,"href":"https:\/\/bcca.com.pa\/en\/wp-json\/wp\/v2\/users\/1"}],"replies":[{"embeddable":true,"href":"https:\/\/bcca.com.pa\/en\/wp-json\/wp\/v2\/comments?post=10929"}],"version-history":[{"count":1,"href":"https:\/\/bcca.com.pa\/en\/wp-json\/wp\/v2\/pages\/10929\/revisions"}],"predecessor-version":[{"id":10930,"href":"https:\/\/bcca.com.pa\/en\/wp-json\/wp\/v2\/pages\/10929\/revisions\/10930"}],"wp:attachment":[{"href":"https:\/\/bcca.com.pa\/en\/wp-json\/wp\/v2\/media?parent=10929"}],"curies":[{"name":"wp","href":"https:\/\/api.w.org\/{rel}","templated":true}]}}